{"id":21,"date":"2026-02-18T09:34:56","date_gmt":"2026-02-18T08:34:56","guid":{"rendered":"https:\/\/smpuls.pl\/?page_id=21"},"modified":"2026-04-11T11:05:01","modified_gmt":"2026-04-11T09:05:01","slug":"o-nas","status":"publish","type":"page","link":"https:\/\/smpuls.pl\/?page_id=21","title":{"rendered":"O nas"},"content":{"rendered":"\t\t<div data-elementor-type=\"wp-page\" data-elementor-id=\"21\" class=\"elementor elementor-21\">\n\t\t\t\t<div class=\"elementor-element elementor-element-e184d75 e-flex e-con-boxed e-con e-parent\" data-id=\"e184d75\" data-element_type=\"container\" data-e-type=\"container\">\n\t\t\t\t\t<div class=\"e-con-inner\">\n\t\t\t\t<div class=\"elementor-element elementor-element-837965e elementor-widget elementor-widget-spacer\" data-id=\"837965e\" data-element_type=\"widget\" data-e-type=\"widget\" data-widget_type=\"spacer.default\">\n\t\t\t\t\t\t\t<div class=\"elementor-spacer\">\n\t\t\t<div class=\"elementor-spacer-inner\"><\/div>\n\t\t<\/div>\n\t\t\t\t\t\t<\/div>\n\t\t\t\t\t<\/div>\n\t\t\t\t<\/div>\n\t\t<div class=\"elementor-element elementor-element-8c5cf32 e-flex e-con-boxed e-con e-parent\" data-id=\"8c5cf32\" data-element_type=\"container\" data-e-type=\"container\">\n\t\t\t\t\t<div class=\"e-con-inner\">\n\t\t\t\t<div class=\"elementor-element elementor-element-2a1e099 elementor-widget elementor-widget-heading\" data-id=\"2a1e099\" data-element_type=\"widget\" data-e-type=\"widget\" data-widget_type=\"heading.default\">\n\t\t\t\t\t<h2 class=\"elementor-heading-title elementor-size-default\">O Nas<\/h2>\t\t\t\t<\/div>\n\t\t\t\t<div class=\"elementor-element elementor-element-daf9662 elementor-widget elementor-widget-spacer\" data-id=\"daf9662\" data-element_type=\"widget\" data-e-type=\"widget\" data-widget_type=\"spacer.default\">\n\t\t\t\t\t\t\t<div class=\"elementor-spacer\">\n\t\t\t<div class=\"elementor-spacer-inner\"><\/div>\n\t\t<\/div>\n\t\t\t\t\t\t<\/div>\n\t\t\t\t\t<\/div>\n\t\t\t\t<\/div>\n\t\t<div class=\"elementor-element elementor-element-2026390 e-flex e-con-boxed e-con e-parent\" data-id=\"2026390\" data-element_type=\"container\" data-e-type=\"container\">\n\t\t\t\t\t<div class=\"e-con-inner\">\n\t\t<div class=\"elementor-element elementor-element-041eb64 e-con-full e-flex e-con e-child\" data-id=\"041eb64\" data-element_type=\"container\" data-e-type=\"container\">\n\t\t\t\t<div class=\"elementor-element elementor-element-2d7c7b1 elementor-widget elementor-widget-image\" data-id=\"2d7c7b1\" data-element_type=\"widget\" data-e-type=\"widget\" data-widget_type=\"image.default\">\n\t\t\t\t\t\t\t\t\t\t\t\t\t\t\t<img fetchpriority=\"high\" decoding=\"async\" width=\"592\" height=\"1024\" src=\"https:\/\/smpuls.pl\/wp-content\/uploads\/2026\/04\/IMG_8981-592x1024.jpeg\" class=\"attachment-large size-large wp-image-598\" alt=\"\" srcset=\"https:\/\/smpuls.pl\/wp-content\/uploads\/2026\/04\/IMG_8981-592x1024.jpeg 592w, https:\/\/smpuls.pl\/wp-content\/uploads\/2026\/04\/IMG_8981-173x300.jpeg 173w, https:\/\/smpuls.pl\/wp-content\/uploads\/2026\/04\/IMG_8981-768x1329.jpeg 768w, https:\/\/smpuls.pl\/wp-content\/uploads\/2026\/04\/IMG_8981-887x1536.jpeg 887w, https:\/\/smpuls.pl\/wp-content\/uploads\/2026\/04\/IMG_8981-1183x2048.jpeg 1183w, https:\/\/smpuls.pl\/wp-content\/uploads\/2026\/04\/IMG_8981.jpeg 1289w\" sizes=\"(max-width: 592px) 100vw, 592px\" \/>\t\t\t\t\t\t\t\t\t\t\t\t\t\t\t<\/div>\n\t\t\t\t<\/div>\n\t\t<div class=\"elementor-element elementor-element-ec9309e e-con-full e-flex e-con e-child\" data-id=\"ec9309e\" data-element_type=\"container\" data-e-type=\"container\">\n\t\t\t\t<div class=\"elementor-element elementor-element-6429997 elementor-widget elementor-widget-text-editor\" data-id=\"6429997\" data-element_type=\"widget\" data-e-type=\"widget\" data-widget_type=\"text-editor.default\">\n\t\t\t\t\t\t\t\t\t<p>Sklep Medyczny PULS w Zielonej G\u00f3rze to miejsce stworzone z my\u015bl\u0105 o pacjentach, kt\u00f3rzy oczekuj\u0105 nie tylko sprz\u0119tu medycznego, ale przede wszystkim profesjonalnego wsparcia, bezpiecze\u0144stwa i wysokiego standardu obs\u0142ugi.<\/p>\n<p>Specjalizujemy si\u0119 w sprzeda\u017cy oraz wynajmie sprz\u0119tu medycznego w Zielonej G\u00f3rze i okolicach, zapewniaj\u0105c indywidualne podej\u015bcie do ka\u017cdej osoby.<\/p>\n<p>Za\u0142o\u017cycielk\u0105 sklepu jest Marta \u2013 specjalistka z 11-letnim do\u015bwiadczeniem w bran\u017cy medycznej. Przez lata pracy pomaga\u0142a pacjentom w doborze sprz\u0119tu ortopedycznego i rehabilitacyjnego. W 2025 roku otworzy\u0142a w\u0142asny sklep medyczny w Zielonej G\u00f3rze, aby zapewni\u0107 pacjentom jeszcze wy\u017cszy standard obs\u0142ugi oraz kompleksow\u0105 pomoc w jednym miejscu.<\/p>\t\t\t\t\t\t\t\t<\/div>\n\t\t\t\t<\/div>\n\t\t\t\t\t<\/div>\n\t\t\t\t<\/div>\n\t\t<div class=\"elementor-element elementor-element-c3fe9f4 e-flex e-con-boxed e-con e-parent\" data-id=\"c3fe9f4\" data-element_type=\"container\" data-e-type=\"container\" data-settings=\"{&quot;background_background&quot;:&quot;classic&quot;}\">\n\t\t\t\t\t<div class=\"e-con-inner\">\n\t\t<div class=\"elementor-element elementor-element-abdae3a e-con-full e-flex e-con e-child\" data-id=\"abdae3a\" data-element_type=\"container\" data-e-type=\"container\">\n\t\t\t\t<div class=\"elementor-element elementor-element-1b23cbb elementor-widget elementor-widget-image\" data-id=\"1b23cbb\" data-element_type=\"widget\" data-e-type=\"widget\" data-widget_type=\"image.default\">\n\t\t\t\t\t\t\t\t\t\t\t\t\t\t\t<img decoding=\"async\" width=\"800\" height=\"480\" src=\"https:\/\/smpuls.pl\/wp-content\/uploads\/2026\/02\/sklep-medyczny-puls-baner-2026-1-1024x614.jpg\" class=\"attachment-large size-large wp-image-583\" alt=\"\" srcset=\"https:\/\/smpuls.pl\/wp-content\/uploads\/2026\/02\/sklep-medyczny-puls-baner-2026-1-1024x614.jpg 1024w, https:\/\/smpuls.pl\/wp-content\/uploads\/2026\/02\/sklep-medyczny-puls-baner-2026-1-300x180.jpg 300w, https:\/\/smpuls.pl\/wp-content\/uploads\/2026\/02\/sklep-medyczny-puls-baner-2026-1-768x461.jpg 768w, https:\/\/smpuls.pl\/wp-content\/uploads\/2026\/02\/sklep-medyczny-puls-baner-2026-1-1536x922.jpg 1536w, https:\/\/smpuls.pl\/wp-content\/uploads\/2026\/02\/sklep-medyczny-puls-baner-2026-1-2048x1229.jpg 2048w\" sizes=\"(max-width: 800px) 100vw, 800px\" \/>\t\t\t\t\t\t\t\t\t\t\t\t\t\t\t<\/div>\n\t\t\t\t<\/div>\n\t\t<div class=\"elementor-element elementor-element-038e90e e-con-full e-flex e-con e-child\" data-id=\"038e90e\" data-element_type=\"container\" data-e-type=\"container\">\n\t\t\t\t<div class=\"elementor-element elementor-element-1705634 elementor-widget elementor-widget-image\" data-id=\"1705634\" data-element_type=\"widget\" data-e-type=\"widget\" data-widget_type=\"image.default\">\n\t\t\t\t\t\t\t\t\t\t\t\t\t\t\t<img decoding=\"async\" width=\"800\" height=\"800\" src=\"https:\/\/smpuls.pl\/wp-content\/uploads\/2026\/02\/495375723_122106067268857411_7867142382655301157_n-1024x1024.jpg\" class=\"attachment-large size-large wp-image-459\" alt=\"\" srcset=\"https:\/\/smpuls.pl\/wp-content\/uploads\/2026\/02\/495375723_122106067268857411_7867142382655301157_n-1024x1024.jpg 1024w, https:\/\/smpuls.pl\/wp-content\/uploads\/2026\/02\/495375723_122106067268857411_7867142382655301157_n-300x300.jpg 300w, https:\/\/smpuls.pl\/wp-content\/uploads\/2026\/02\/495375723_122106067268857411_7867142382655301157_n-150x150.jpg 150w, https:\/\/smpuls.pl\/wp-content\/uploads\/2026\/02\/495375723_122106067268857411_7867142382655301157_n-768x768.jpg 768w, https:\/\/smpuls.pl\/wp-content\/uploads\/2026\/02\/495375723_122106067268857411_7867142382655301157_n.jpg 1080w\" sizes=\"(max-width: 800px) 100vw, 800px\" \/>\t\t\t\t\t\t\t\t\t\t\t\t\t\t\t<\/div>\n\t\t\t\t<\/div>\n\t\t\t\t\t<\/div>\n\t\t\t\t<\/div>\n\t\t\t\t<\/div>\n\t\t","protected":false},"excerpt":{"rendered":"<p>O Nas Sklep Medyczny PULS w Zielonej G\u00f3rze to miejsce stworzone z my\u015bl\u0105 o pacjentach, kt\u00f3rzy oczekuj\u0105 nie tylko sprz\u0119tu medycznego, ale przede wszystkim profesjonalnego wsparcia, bezpiecze\u0144stwa i wysokiego standardu obs\u0142ugi. Specjalizujemy si\u0119 w sprzeda\u017cy oraz wynajmie sprz\u0119tu medycznego w Zielonej G\u00f3rze i okolicach, zapewniaj\u0105c indywidualne podej\u015bcie do ka\u017cdej osoby. Za\u0142o\u017cycielk\u0105 sklepu jest Marta \u2013 [&hellip;]<\/p>\n","protected":false},"author":1,"featured_media":0,"parent":0,"menu_order":0,"comment_status":"closed","ping_status":"closed","template":"","meta":{"footnotes":""},"class_list":["post-21","page","type-page","status-publish","hentry"],"_links":{"self":[{"href":"https:\/\/smpuls.pl\/index.php?rest_route=\/wp\/v2\/pages\/21","targetHints":{"allow":["GET"]}}],"collection":[{"href":"https:\/\/smpuls.pl\/index.php?rest_route=\/wp\/v2\/pages"}],"about":[{"href":"https:\/\/smpuls.pl\/index.php?rest_route=\/wp\/v2\/types\/page"}],"author":[{"embeddable":true,"href":"https:\/\/smpuls.pl\/index.php?rest_route=\/wp\/v2\/users\/1"}],"replies":[{"embeddable":true,"href":"https:\/\/smpuls.pl\/index.php?rest_route=%2Fwp%2Fv2%2Fcomments&post=21"}],"version-history":[{"count":52,"href":"https:\/\/smpuls.pl\/index.php?rest_route=\/wp\/v2\/pages\/21\/revisions"}],"predecessor-version":[{"id":603,"href":"https:\/\/smpuls.pl\/index.php?rest_route=\/wp\/v2\/pages\/21\/revisions\/603"}],"wp:attachment":[{"href":"https:\/\/smpuls.pl\/index.php?rest_route=%2Fwp%2Fv2%2Fmedia&parent=21"}],"curies":[{"name":"wp","href":"https:\/\/api.w.org\/{rel}","templated":true}]}}