{"id":25,"date":"2026-02-18T09:35:32","date_gmt":"2026-02-18T08:35:32","guid":{"rendered":"https:\/\/smpuls.pl\/?page_id=25"},"modified":"2026-04-11T11:16:11","modified_gmt":"2026-04-11T09:16:11","slug":"sklep-medyczny","status":"publish","type":"page","link":"https:\/\/smpuls.pl\/?page_id=25","title":{"rendered":"Sklep medyczny"},"content":{"rendered":"\t\t<div data-elementor-type=\"wp-page\" data-elementor-id=\"25\" class=\"elementor elementor-25\">\n\t\t\t\t<div class=\"elementor-element elementor-element-d9383f1 e-flex e-con-boxed e-con e-parent\" data-id=\"d9383f1\" data-element_type=\"container\" data-e-type=\"container\">\n\t\t\t\t\t<div class=\"e-con-inner\">\n\t\t<div class=\"elementor-element elementor-element-25058c7 e-con-full e-flex e-con e-child\" data-id=\"25058c7\" data-element_type=\"container\" data-e-type=\"container\">\n\t\t\t\t<div class=\"elementor-element elementor-element-836ca7f elementor-widget elementor-widget-heading\" data-id=\"836ca7f\" data-element_type=\"widget\" data-e-type=\"widget\" data-widget_type=\"heading.default\">\n\t\t\t\t\t<h2 class=\"elementor-heading-title elementor-size-default\">Sklep medyczny<\/h2>\t\t\t\t<\/div>\n\t\t\t\t<\/div>\n\t\t<div class=\"elementor-element elementor-element-e099816 e-con-full e-flex e-con e-child\" data-id=\"e099816\" data-element_type=\"container\" data-e-type=\"container\">\n\t\t\t\t<\/div>\n\t\t\t\t\t<\/div>\n\t\t\t\t<\/div>\n\t\t<div class=\"elementor-element elementor-element-7662174 e-flex e-con-boxed e-con e-parent\" data-id=\"7662174\" data-element_type=\"container\" data-e-type=\"container\">\n\t\t\t\t\t<div class=\"e-con-inner\">\n\t\t<div class=\"elementor-element elementor-element-711d4cd e-con-full e-flex e-con e-child\" data-id=\"711d4cd\" data-element_type=\"container\" data-e-type=\"container\">\n\t\t\t\t<div class=\"elementor-element elementor-element-32fdaf8 elementor-widget elementor-widget-image\" data-id=\"32fdaf8\" data-element_type=\"widget\" data-e-type=\"widget\" data-widget_type=\"image.default\">\n\t\t\t\t\t\t\t\t\t\t\t\t\t\t\t<img fetchpriority=\"high\" decoding=\"async\" width=\"800\" height=\"800\" src=\"https:\/\/smpuls.pl\/wp-content\/uploads\/2026\/04\/image4.png\" class=\"attachment-large size-large wp-image-604\" alt=\"\" srcset=\"https:\/\/smpuls.pl\/wp-content\/uploads\/2026\/04\/image4.png 1024w, https:\/\/smpuls.pl\/wp-content\/uploads\/2026\/04\/image4-300x300.png 300w, https:\/\/smpuls.pl\/wp-content\/uploads\/2026\/04\/image4-150x150.png 150w, https:\/\/smpuls.pl\/wp-content\/uploads\/2026\/04\/image4-768x768.png 768w\" sizes=\"(max-width: 800px) 100vw, 800px\" \/>\t\t\t\t\t\t\t\t\t\t\t\t\t\t\t<\/div>\n\t\t\t\t<\/div>\n\t\t<div class=\"elementor-element elementor-element-7a364b0 e-con-full e-flex e-con e-child\" data-id=\"7a364b0\" data-element_type=\"container\" data-e-type=\"container\">\n\t\t\t\t<div class=\"elementor-element elementor-element-4c6e7ef elementor-widget elementor-widget-text-editor\" data-id=\"4c6e7ef\" data-element_type=\"widget\" data-e-type=\"widget\" data-widget_type=\"text-editor.default\">\n\t\t\t\t\t\t\t\t\t<p>Sklep Medyczny Puls w Zielonej G\u00f3rze to miejsce, <span style=\"color: #0000ff;\">w kt\u00f3rym pacjenci, opiekunowie oraz specjali\u015bci medyczni znajd\u0105 sprawdzony, certyfikowany sprz\u0119t medyczny i rehabilitacyjny.<\/span> Od lat wspieramy mieszka\u0144c\u00f3w Zielonej G\u00f3ry i okolic, oferuj\u0105c produkty, kt\u00f3re <span style=\"color: #0000ff;\">realnie poprawiaj\u0105 komfort \u017cycia, wspomagaj\u0105 leczenie oraz u\u0142atwiaj\u0105 codzienn\u0105 opiek\u0119 nad osobami chorymi i starszymi.<\/span> Nasz sklep medyczny to po\u0142\u0105czenie <span style=\"color: #0000ff;\">fachowej wiedzy, indywidualnego podej\u015bcia i szerokiego asortymentu dost\u0119pnego od r\u0119ki.<\/span><\/p><p>W ofercie posiadamy m.in. <span style=\"color: #0000ff;\">sprz\u0119t rehabilitacyjny, w tym balkoniki, kule, w\u00f3zki inwalidzkie, materace przeciwodle\u017cynowe, ortezy oraz stabilizatory. Oferujemy r\u00f3wnie\u017c wyroby ortopedyczne, artyku\u0142y pomocnicze, ci\u015bnieniomierze, inhalatory, produkty do domowej opieki d\u0142ugoterminowej oraz akcesoria higieniczne.<\/span> Dbamy o to, aby ka\u017cdy klient otrzyma\u0142 sprz\u0119t dopasowany do swoich potrzeb \u2013 zar\u00f3wno pod wzgl\u0119dem funkcjonalno\u015bci, jak i bud\u017cetu.<br \/>Sklep Medyczny Puls w Zielonej G\u00f3rze zapewnia <span style=\"color: #0000ff;\">tak\u017ce profesjonalne doradztwo.\u00a0<\/span><\/p><p>Nasz\u0105 misj\u0105 jest dostarczanie sprz\u0119tu, kt\u00f3ry <span style=\"color: #0000ff;\">poprawia jako\u015b\u0107 \u017cycia i wspiera proces leczenia.<\/span> Je\u015bli szukasz sprawdzonego sklepu medycznego <span style=\"color: #0000ff;\">w Zielonej G\u00f3rze,<\/span> kt\u00f3ry \u0142\u0105czy wysok\u0105 jako\u015b\u0107, rzeteln\u0105 obs\u0142ug\u0119 i atrakcyjne ceny, Sklep Medyczny Puls jest miejscem, na kt\u00f3re mo\u017cesz liczy\u0107. <span style=\"color: #0000ff;\">Zapraszamy do odwiedzenia naszej plac\u00f3wki oraz kontaktu \u2013 ch\u0119tnie pomo\u017cemy dobra\u0107 najlepsze rozwi\u0105zania dla Ciebie lub Twoich bliskich.<\/span><\/p>\t\t\t\t\t\t\t\t<\/div>\n\t\t\t\t<\/div>\n\t\t\t\t\t<\/div>\n\t\t\t\t<\/div>\n\t\t<div class=\"elementor-element elementor-element-ad02b5c e-flex e-con-boxed e-con e-parent\" data-id=\"ad02b5c\" data-element_type=\"container\" data-e-type=\"container\">\n\t\t\t\t\t<div class=\"e-con-inner\">\n\t\t\t\t<div class=\"elementor-element elementor-element-b79c423 elementor-widget elementor-widget-google_maps\" data-id=\"b79c423\" data-element_type=\"widget\" data-e-type=\"widget\" data-widget_type=\"google_maps.default\">\n\t\t\t\t\t\t\t<div class=\"elementor-custom-embed\">\n\t\t\t<iframe loading=\"lazy\"\n\t\t\t\t\tsrc=\"https:\/\/maps.google.com\/maps?q=Sklep%20medyczny%20Puls%20Zielona%20G%C3%B3ra&#038;t=m&#038;z=12&#038;output=embed&#038;iwloc=near\"\n\t\t\t\t\ttitle=\"Sklep medyczny Puls Zielona G\u00f3ra\"\n\t\t\t\t\taria-label=\"Sklep medyczny Puls Zielona G\u00f3ra\"\n\t\t\t><\/iframe>\n\t\t<\/div>\n\t\t\t\t\t\t<\/div>\n\t\t\t\t\t<\/div>\n\t\t\t\t<\/div>\n\t\t<div class=\"elementor-element elementor-element-7f50621 e-flex e-con-boxed e-con e-parent\" data-id=\"7f50621\" data-element_type=\"container\" data-e-type=\"container\">\n\t\t\t\t\t<div class=\"e-con-inner\">\n\t\t\t\t<div class=\"elementor-element elementor-element-3e74d54 elementor-widget elementor-widget-image\" data-id=\"3e74d54\" data-element_type=\"widget\" data-e-type=\"widget\" data-widget_type=\"image.default\">\n\t\t\t\t\t\t\t\t\t\t\t\t\t\t\t<img decoding=\"async\" width=\"800\" height=\"480\" src=\"https:\/\/smpuls.pl\/wp-content\/uploads\/2026\/02\/sklep-medyczny-puls-baner-2026-1-1024x614.jpg\" class=\"attachment-large size-large wp-image-583\" alt=\"\" srcset=\"https:\/\/smpuls.pl\/wp-content\/uploads\/2026\/02\/sklep-medyczny-puls-baner-2026-1-1024x614.jpg 1024w, https:\/\/smpuls.pl\/wp-content\/uploads\/2026\/02\/sklep-medyczny-puls-baner-2026-1-300x180.jpg 300w, https:\/\/smpuls.pl\/wp-content\/uploads\/2026\/02\/sklep-medyczny-puls-baner-2026-1-768x461.jpg 768w, https:\/\/smpuls.pl\/wp-content\/uploads\/2026\/02\/sklep-medyczny-puls-baner-2026-1-1536x922.jpg 1536w, https:\/\/smpuls.pl\/wp-content\/uploads\/2026\/02\/sklep-medyczny-puls-baner-2026-1-2048x1229.jpg 2048w\" sizes=\"(max-width: 800px) 100vw, 800px\" \/>\t\t\t\t\t\t\t\t\t\t\t\t\t\t\t<\/div>\n\t\t\t\t\t<\/div>\n\t\t\t\t<\/div>\n\t\t\t\t<\/div>\n\t\t","protected":false},"excerpt":{"rendered":"<p>Sklep medyczny Sklep Medyczny Puls w Zielonej G\u00f3rze to miejsce, w kt\u00f3rym pacjenci, opiekunowie oraz specjali\u015bci medyczni znajd\u0105 sprawdzony, certyfikowany sprz\u0119t medyczny i rehabilitacyjny. Od lat wspieramy mieszka\u0144c\u00f3w Zielonej G\u00f3ry i okolic, oferuj\u0105c produkty, kt\u00f3re realnie poprawiaj\u0105 komfort \u017cycia, wspomagaj\u0105 leczenie oraz u\u0142atwiaj\u0105 codzienn\u0105 opiek\u0119 nad osobami chorymi i starszymi. Nasz sklep medyczny to po\u0142\u0105czenie [&hellip;]<\/p>\n","protected":false},"author":1,"featured_media":0,"parent":0,"menu_order":0,"comment_status":"closed","ping_status":"closed","template":"","meta":{"footnotes":""},"class_list":["post-25","page","type-page","status-publish","hentry"],"_links":{"self":[{"href":"https:\/\/smpuls.pl\/index.php?rest_route=\/wp\/v2\/pages\/25","targetHints":{"allow":["GET"]}}],"collection":[{"href":"https:\/\/smpuls.pl\/index.php?rest_route=\/wp\/v2\/pages"}],"about":[{"href":"https:\/\/smpuls.pl\/index.php?rest_route=\/wp\/v2\/types\/page"}],"author":[{"embeddable":true,"href":"https:\/\/smpuls.pl\/index.php?rest_route=\/wp\/v2\/users\/1"}],"replies":[{"embeddable":true,"href":"https:\/\/smpuls.pl\/index.php?rest_route=%2Fwp%2Fv2%2Fcomments&post=25"}],"version-history":[{"count":28,"href":"https:\/\/smpuls.pl\/index.php?rest_route=\/wp\/v2\/pages\/25\/revisions"}],"predecessor-version":[{"id":613,"href":"https:\/\/smpuls.pl\/index.php?rest_route=\/wp\/v2\/pages\/25\/revisions\/613"}],"wp:attachment":[{"href":"https:\/\/smpuls.pl\/index.php?rest_route=%2Fwp%2Fv2%2Fmedia&parent=25"}],"curies":[{"name":"wp","href":"https:\/\/api.w.org\/{rel}","templated":true}]}}